{"id":611,"date":"2023-10-26T03:30:32","date_gmt":"2023-10-26T03:30:32","guid":{"rendered":"https:\/\/klk-brandenburg.de\/?page_id=611"},"modified":"2023-10-26T03:37:15","modified_gmt":"2023-10-26T03:37:15","slug":"611-2","status":"publish","type":"page","link":"https:\/\/klk-brandenburg.de\/?page_id=611","title":{"rendered":""},"content":{"rendered":"<p><strong>Dokumente und Erkl\u00e4rungen zur Gr\u00fcndung des Vereins &#8222;B\u00fcndnis Sahra Wagenknecht &#8211; f\u00fcr Vernunft und Gerechtigkeit&#8220;<\/strong><\/p>\n<p>&nbsp;<\/p>\n<p><a href=\"https:\/\/klk-brandenburg.de\/wp-content\/uploads\/2023\/10\/Erklaerung_KLK-2023_10_24-AustritteBSW.pdf\" target=\"_blank\" rel=\"noopener\">Erkl\u00e4rung des Karl-Liebknecht-Kreises Brandenburg\u00a0<\/a><\/p>\n<p><a href=\"https:\/\/klk-brandenburg.de\/wp-content\/uploads\/2023\/10\/Erklaerung-Linksrum-23.10.23.pdf\" target=\"_blank\" rel=\"noopener\">Erkl\u00e4rung der LAG Linksrum Hessen &#8211; Mitglied im Netzwerk &#8222;WasTun&#8220;<\/a><\/p>\n<p>&nbsp;<\/p>\n","protected":false},"excerpt":{"rendered":"<p>Dokumente und Erkl\u00e4rungen zur Gr\u00fcndung des Vereins &#8222;B\u00fcndnis Sahra Wagenknecht &#8211; f\u00fcr Vernunft und Gerechtigkeit&#8220; &nbsp; Erkl\u00e4rung des Karl-Liebknecht-Kreises Brandenburg\u00a0 Erkl\u00e4rung der LAG Linksrum Hessen &#8211; Mitglied im Netzwerk &#8222;WasTun&#8220; &nbsp;<\/p>\n","protected":false},"author":1,"featured_media":0,"parent":0,"menu_order":0,"comment_status":"closed","ping_status":"closed","template":"","meta":{"footnotes":""},"_links":{"self":[{"href":"https:\/\/klk-brandenburg.de\/index.php?rest_route=\/wp\/v2\/pages\/611"}],"collection":[{"href":"https:\/\/klk-brandenburg.de\/index.php?rest_route=\/wp\/v2\/pages"}],"about":[{"href":"https:\/\/klk-brandenburg.de\/index.php?rest_route=\/wp\/v2\/types\/page"}],"author":[{"embeddable":true,"href":"https:\/\/klk-brandenburg.de\/index.php?rest_route=\/wp\/v2\/users\/1"}],"replies":[{"embeddable":true,"href":"https:\/\/klk-brandenburg.de\/index.php?rest_route=%2Fwp%2Fv2%2Fcomments&post=611"}],"version-history":[{"count":3,"href":"https:\/\/klk-brandenburg.de\/index.php?rest_route=\/wp\/v2\/pages\/611\/revisions"}],"predecessor-version":[{"id":619,"href":"https:\/\/klk-brandenburg.de\/index.php?rest_route=\/wp\/v2\/pages\/611\/revisions\/619"}],"wp:attachment":[{"href":"https:\/\/klk-brandenburg.de\/index.php?rest_route=%2Fwp%2Fv2%2Fmedia&parent=611"}],"curies":[{"name":"wp","href":"https:\/\/api.w.org\/{rel}","templated":true}]}}