{"id":538,"date":"2023-06-14T05:18:43","date_gmt":"2023-06-14T05:18:43","guid":{"rendered":"https:\/\/klk-brandenburg.de\/?page_id=538"},"modified":"2023-06-14T07:03:47","modified_gmt":"2023-06-14T07:03:47","slug":"538-2","status":"publish","type":"page","link":"https:\/\/klk-brandenburg.de\/?page_id=538","title":{"rendered":""},"content":{"rendered":"<p>Zu dem am 10.06.2023 durch den Parteivorstand gefassten Beschluss 2023\/450 gibt der Koordinierungskreis des WasTun?!-Netzwerkes folgende <a href=\"https:\/\/klk-brandenburg.de\/wp-content\/uploads\/2023\/06\/stellungnahme-was-tun-koordinationskreis.pdf\" target=\"_blank\" rel=\"noopener\">Stellungnahme<\/a> ab.<\/p>\n<p>Die Basisorganisation &#8222;Unsere Strasse&#8220; aus Berlin &#8211; Charlottenburg Wilmersdorf <a href=\"https:\/\/klk-brandenburg.de\/wp-content\/uploads\/2023\/06\/Soli-Sahra-BO-Unsere-Strasse-ChaWi.pdf\" target=\"_blank\" rel=\"noopener\">erkl\u00e4rt<\/a> zum gleichen Thema.<\/p>\n<p>Der Kreisverband Wuppertal hat sich zum gleichen <a href=\"https:\/\/klk-brandenburg.de\/wp-content\/uploads\/2023\/06\/Wuppertal.pdf\" target=\"_blank\" rel=\"noopener\">Thema<\/a> ge\u00e4u\u00dfert.<\/p>\n<p>Die Bundesarbeitsgemeinschaft Sozialistische Linke bezieht hierzu auch <a href=\"https:\/\/klk-brandenburg.de\/wp-content\/uploads\/2023\/06\/SoLi_Sahra.pdf\" target=\"_blank\" rel=\"noopener\">Stellung<\/a>.<\/p>\n<p>&nbsp;<\/p>\n","protected":false},"excerpt":{"rendered":"<p>Zu dem am 10.06.2023 durch den Parteivorstand gefassten Beschluss 2023\/450 gibt der Koordinierungskreis des WasTun?!-Netzwerkes folgende Stellungnahme ab. Die Basisorganisation &#8222;Unsere Strasse&#8220; aus Berlin &#8211; Charlottenburg Wilmersdorf erkl\u00e4rt zum gleichen Thema. Der Kreisverband Wuppertal hat sich zum gleichen Thema ge\u00e4u\u00dfert. Die Bundesarbeitsgemeinschaft Sozialistische Linke bezieht hierzu auch Stellung. &nbsp;<\/p>\n","protected":false},"author":1,"featured_media":0,"parent":0,"menu_order":0,"comment_status":"closed","ping_status":"closed","template":"","meta":{"footnotes":""},"_links":{"self":[{"href":"https:\/\/klk-brandenburg.de\/index.php?rest_route=\/wp\/v2\/pages\/538"}],"collection":[{"href":"https:\/\/klk-brandenburg.de\/index.php?rest_route=\/wp\/v2\/pages"}],"about":[{"href":"https:\/\/klk-brandenburg.de\/index.php?rest_route=\/wp\/v2\/types\/page"}],"author":[{"embeddable":true,"href":"https:\/\/klk-brandenburg.de\/index.php?rest_route=\/wp\/v2\/users\/1"}],"replies":[{"embeddable":true,"href":"https:\/\/klk-brandenburg.de\/index.php?rest_route=%2Fwp%2Fv2%2Fcomments&post=538"}],"version-history":[{"count":3,"href":"https:\/\/klk-brandenburg.de\/index.php?rest_route=\/wp\/v2\/pages\/538\/revisions"}],"predecessor-version":[{"id":550,"href":"https:\/\/klk-brandenburg.de\/index.php?rest_route=\/wp\/v2\/pages\/538\/revisions\/550"}],"wp:attachment":[{"href":"https:\/\/klk-brandenburg.de\/index.php?rest_route=%2Fwp%2Fv2%2Fmedia&parent=538"}],"curies":[{"name":"wp","href":"https:\/\/api.w.org\/{rel}","templated":true}]}}