{"id":457,"date":"2023-04-03T08:04:46","date_gmt":"2023-04-03T08:04:46","guid":{"rendered":"https:\/\/klk-brandenburg.de\/?page_id=457"},"modified":"2023-04-12T12:01:29","modified_gmt":"2023-04-12T12:01:29","slug":"gruendungsveranstaltung-zur-landesarbeitsgemeinschaft","status":"publish","type":"page","link":"https:\/\/klk-brandenburg.de\/?page_id=457","title":{"rendered":"Gr\u00fcndungsveranstaltung zur Landesarbeitsgemeinschaft"},"content":{"rendered":"<p>Am 01.04.2023 hat sich der Karl-Liebknecht-Kreis Brandenburg zur Landesarbeitsgemeinschaft in und bei der Linken Brandenburg konstituiert. In einer sehr konstruktiven, solidarischen und emotionalen Veranstaltung wurde der Zustand unserer Partei &#8222;Die Linke&#8220; diskutiert. Nat\u00fcrlich drehte sich der gr\u00f6\u00dfte Teil der Reden und der Diskussion um die friedenspolitischen Positionen der Linken und die Problematik der Angriffe darauf aus Teilen der Linken und von au\u00dfen. Wir waren uns einig, das eine Aufweichung der Positionen aus dem Erfurter Programm von 2011 auf unsere Ablehnung st\u00f6\u00dft. Wir als LAG &#8222;Karl-Liebknecht-Kreis&#8220; stehen zum Gr\u00fcndungskonsens und zum Erfurter Programm und wir stehen nicht f\u00fcr eine Spaltung der Partei, sondern k\u00e4mpfen f\u00fcr ihren Erhalt. Wir fordern, die Diskussion darum zu beenden und sich wieder auf die Rolle als Friedenspartei und als Partei der sozialen Solidarit\u00e4t zu besinnen.<\/p>\n<p>Besonders freute uns die Anwesenheit unserer Co-Landesvorsitzenden Katharina Slanina. Und unser besonderer Dank gilt der Gesellschaft f\u00fcr Arbeit und Soziales e.V. <a href=\"https:\/\/gefas-ev.de\/\">gefas<\/a> Erkner, die uns nun schon zum zweiten Mal ihre R\u00e4umlichkeiten zur Verf\u00fcgung stellte.<\/p>\n<p>W\u00e4hrend der Veranstaltung wurde ein neuer Sprecherrat gew\u00e4hlt. Folgende Genossinnen und Genossen vertreten die LAG nach au\u00dfen:<\/p>\n<p>Rita-Sybille Heinrich<\/p>\n<p>Jenny Meyer<\/p>\n<p>Simone Schubert<\/p>\n<p>Dr. Artur Pech<\/p>\n<p>Heinz Hillebrand<\/p>\n<p>Niels-Olaf L\u00fcders<\/p>\n<p>Zur erweiterten Koordinierungsgruppe geh\u00f6ren:<\/p>\n<p>Frank M\u00fcller<\/p>\n<p>Uwe Tippelt<\/p>\n<p>Andreas Eichner<\/p>\n<p>Marvin Knappe<\/p>\n<p>Dominik Mikhalkevich<\/p>\n<p>Andreas Kutsche<\/p>\n<p>Hier einige Eindr\u00fccke von der Veranstaltung:<\/p>\n<p><img decoding=\"async\" loading=\"lazy\" class=\"alignnone size-medium wp-image-462\" src=\"https:\/\/klk-brandenburg.de\/wp-content\/uploads\/2023\/04\/IMG_2433-300x225.jpg\" alt=\"\" width=\"300\" height=\"225\" srcset=\"https:\/\/klk-brandenburg.de\/wp-content\/uploads\/2023\/04\/IMG_2433-300x225.jpg 300w, https:\/\/klk-brandenburg.de\/wp-content\/uploads\/2023\/04\/IMG_2433-1024x768.jpg 1024w, https:\/\/klk-brandenburg.de\/wp-content\/uploads\/2023\/04\/IMG_2433-768x576.jpg 768w, https:\/\/klk-brandenburg.de\/wp-content\/uploads\/2023\/04\/IMG_2433-1536x1152.jpg 1536w, https:\/\/klk-brandenburg.de\/wp-content\/uploads\/2023\/04\/IMG_2433-2048x1536.jpg 2048w\" sizes=\"(max-width: 300px) 100vw, 300px\" \/>\u00a0 <img decoding=\"async\" loading=\"lazy\" class=\"alignnone size-medium wp-image-459\" src=\"https:\/\/klk-brandenburg.de\/wp-content\/uploads\/2023\/04\/IMG_2414-300x225.jpg\" alt=\"\" width=\"300\" height=\"225\" srcset=\"https:\/\/klk-brandenburg.de\/wp-content\/uploads\/2023\/04\/IMG_2414-300x225.jpg 300w, https:\/\/klk-brandenburg.de\/wp-content\/uploads\/2023\/04\/IMG_2414-1024x768.jpg 1024w, https:\/\/klk-brandenburg.de\/wp-content\/uploads\/2023\/04\/IMG_2414-768x576.jpg 768w, https:\/\/klk-brandenburg.de\/wp-content\/uploads\/2023\/04\/IMG_2414-1536x1152.jpg 1536w, https:\/\/klk-brandenburg.de\/wp-content\/uploads\/2023\/04\/IMG_2414-2048x1536.jpg 2048w\" sizes=\"(max-width: 300px) 100vw, 300px\" \/> <img decoding=\"async\" loading=\"lazy\" class=\"alignnone size-medium wp-image-460\" src=\"https:\/\/klk-brandenburg.de\/wp-content\/uploads\/2023\/04\/IMG_2423-300x225.jpg\" alt=\"\" width=\"300\" height=\"225\" srcset=\"https:\/\/klk-brandenburg.de\/wp-content\/uploads\/2023\/04\/IMG_2423-300x225.jpg 300w, https:\/\/klk-brandenburg.de\/wp-content\/uploads\/2023\/04\/IMG_2423-1024x768.jpg 1024w, https:\/\/klk-brandenburg.de\/wp-content\/uploads\/2023\/04\/IMG_2423-768x576.jpg 768w, https:\/\/klk-brandenburg.de\/wp-content\/uploads\/2023\/04\/IMG_2423-1536x1152.jpg 1536w, https:\/\/klk-brandenburg.de\/wp-content\/uploads\/2023\/04\/IMG_2423-2048x1536.jpg 2048w\" sizes=\"(max-width: 300px) 100vw, 300px\" \/> <img decoding=\"async\" loading=\"lazy\" class=\"alignnone size-medium wp-image-470\" src=\"https:\/\/klk-brandenburg.de\/wp-content\/uploads\/2023\/04\/IMG_2474-300x225.jpg\" alt=\"\" width=\"300\" height=\"225\" srcset=\"https:\/\/klk-brandenburg.de\/wp-content\/uploads\/2023\/04\/IMG_2474-300x225.jpg 300w, https:\/\/klk-brandenburg.de\/wp-content\/uploads\/2023\/04\/IMG_2474-1024x768.jpg 1024w, https:\/\/klk-brandenburg.de\/wp-content\/uploads\/2023\/04\/IMG_2474-768x576.jpg 768w, https:\/\/klk-brandenburg.de\/wp-content\/uploads\/2023\/04\/IMG_2474-1536x1152.jpg 1536w, https:\/\/klk-brandenburg.de\/wp-content\/uploads\/2023\/04\/IMG_2474-2048x1536.jpg 2048w\" sizes=\"(max-width: 300px) 100vw, 300px\" \/> <img decoding=\"async\" loading=\"lazy\" class=\"alignnone size-medium wp-image-464\" src=\"https:\/\/klk-brandenburg.de\/wp-content\/uploads\/2023\/04\/IMG_2438-300x225.jpg\" alt=\"\" width=\"300\" height=\"225\" srcset=\"https:\/\/klk-brandenburg.de\/wp-content\/uploads\/2023\/04\/IMG_2438-300x225.jpg 300w, https:\/\/klk-brandenburg.de\/wp-content\/uploads\/2023\/04\/IMG_2438-1024x768.jpg 1024w, https:\/\/klk-brandenburg.de\/wp-content\/uploads\/2023\/04\/IMG_2438-768x576.jpg 768w, https:\/\/klk-brandenburg.de\/wp-content\/uploads\/2023\/04\/IMG_2438-1536x1152.jpg 1536w, https:\/\/klk-brandenburg.de\/wp-content\/uploads\/2023\/04\/IMG_2438-2048x1536.jpg 2048w\" sizes=\"(max-width: 300px) 100vw, 300px\" \/> <img decoding=\"async\" loading=\"lazy\" class=\"alignnone size-medium wp-image-465\" src=\"https:\/\/klk-brandenburg.de\/wp-content\/uploads\/2023\/04\/IMG_2442-300x225.jpg\" alt=\"\" width=\"300\" height=\"225\" srcset=\"https:\/\/klk-brandenburg.de\/wp-content\/uploads\/2023\/04\/IMG_2442-300x225.jpg 300w, https:\/\/klk-brandenburg.de\/wp-content\/uploads\/2023\/04\/IMG_2442-1024x768.jpg 1024w, https:\/\/klk-brandenburg.de\/wp-content\/uploads\/2023\/04\/IMG_2442-768x576.jpg 768w, https:\/\/klk-brandenburg.de\/wp-content\/uploads\/2023\/04\/IMG_2442-1536x1152.jpg 1536w, https:\/\/klk-brandenburg.de\/wp-content\/uploads\/2023\/04\/IMG_2442-2048x1536.jpg 2048w\" sizes=\"(max-width: 300px) 100vw, 300px\" \/> <img decoding=\"async\" loading=\"lazy\" class=\"alignnone size-medium wp-image-467\" src=\"https:\/\/klk-brandenburg.de\/wp-content\/uploads\/2023\/04\/IMG_2447-300x225.jpg\" alt=\"\" width=\"300\" height=\"225\" srcset=\"https:\/\/klk-brandenburg.de\/wp-content\/uploads\/2023\/04\/IMG_2447-300x225.jpg 300w, https:\/\/klk-brandenburg.de\/wp-content\/uploads\/2023\/04\/IMG_2447-1024x768.jpg 1024w, https:\/\/klk-brandenburg.de\/wp-content\/uploads\/2023\/04\/IMG_2447-768x576.jpg 768w, https:\/\/klk-brandenburg.de\/wp-content\/uploads\/2023\/04\/IMG_2447-1536x1152.jpg 1536w, https:\/\/klk-brandenburg.de\/wp-content\/uploads\/2023\/04\/IMG_2447-2048x1536.jpg 2048w\" sizes=\"(max-width: 300px) 100vw, 300px\" \/> <img decoding=\"async\" loading=\"lazy\" class=\"alignnone size-medium wp-image-468\" src=\"https:\/\/klk-brandenburg.de\/wp-content\/uploads\/2023\/04\/IMG_2451-300x225.jpg\" alt=\"\" width=\"300\" height=\"225\" srcset=\"https:\/\/klk-brandenburg.de\/wp-content\/uploads\/2023\/04\/IMG_2451-300x225.jpg 300w, https:\/\/klk-brandenburg.de\/wp-content\/uploads\/2023\/04\/IMG_2451-1024x768.jpg 1024w, https:\/\/klk-brandenburg.de\/wp-content\/uploads\/2023\/04\/IMG_2451-768x576.jpg 768w, https:\/\/klk-brandenburg.de\/wp-content\/uploads\/2023\/04\/IMG_2451-1536x1152.jpg 1536w, https:\/\/klk-brandenburg.de\/wp-content\/uploads\/2023\/04\/IMG_2451-2048x1536.jpg 2048w\" sizes=\"(max-width: 300px) 100vw, 300px\" \/> <img decoding=\"async\" loading=\"lazy\" class=\"alignnone size-medium wp-image-463\" src=\"https:\/\/klk-brandenburg.de\/wp-content\/uploads\/2023\/04\/IMG_2436-300x225.jpg\" alt=\"\" width=\"300\" height=\"225\" srcset=\"https:\/\/klk-brandenburg.de\/wp-content\/uploads\/2023\/04\/IMG_2436-300x225.jpg 300w, https:\/\/klk-brandenburg.de\/wp-content\/uploads\/2023\/04\/IMG_2436-1024x768.jpg 1024w, https:\/\/klk-brandenburg.de\/wp-content\/uploads\/2023\/04\/IMG_2436-768x576.jpg 768w, https:\/\/klk-brandenburg.de\/wp-content\/uploads\/2023\/04\/IMG_2436-1536x1152.jpg 1536w, https:\/\/klk-brandenburg.de\/wp-content\/uploads\/2023\/04\/IMG_2436-2048x1536.jpg 2048w\" sizes=\"(max-width: 300px) 100vw, 300px\" \/> <img decoding=\"async\" loading=\"lazy\" class=\"alignnone size-medium wp-image-458\" src=\"https:\/\/klk-brandenburg.de\/wp-content\/uploads\/2023\/04\/IMG_2487-300x225.jpg\" alt=\"\" width=\"300\" height=\"225\" srcset=\"https:\/\/klk-brandenburg.de\/wp-content\/uploads\/2023\/04\/IMG_2487-300x225.jpg 300w, https:\/\/klk-brandenburg.de\/wp-content\/uploads\/2023\/04\/IMG_2487-1024x768.jpg 1024w, https:\/\/klk-brandenburg.de\/wp-content\/uploads\/2023\/04\/IMG_2487-768x576.jpg 768w, https:\/\/klk-brandenburg.de\/wp-content\/uploads\/2023\/04\/IMG_2487-1536x1152.jpg 1536w, https:\/\/klk-brandenburg.de\/wp-content\/uploads\/2023\/04\/IMG_2487-2048x1536.jpg 2048w\" sizes=\"(max-width: 300px) 100vw, 300px\" \/><\/p>\n<p>&nbsp;<\/p>\n<p><a href=\"https:\/\/klk-brandenburg.de\/wp-content\/uploads\/2023\/04\/Newsletter_final.pdf\" target=\"_blank\" rel=\"noopener\">Artikel f\u00fcr den Newsletter der Partei &#8222;Die Linke&#8220; -Landesverband Brandenburg<\/a><\/p>\n","protected":false},"excerpt":{"rendered":"<p>Am 01.04.2023 hat sich der Karl-Liebknecht-Kreis Brandenburg zur Landesarbeitsgemeinschaft in und bei der Linken Brandenburg konstituiert. In einer sehr konstruktiven, solidarischen und emotionalen Veranstaltung wurde der Zustand unserer Partei &#8222;Die Linke&#8220; diskutiert. Nat\u00fcrlich drehte sich der gr\u00f6\u00dfte Teil der Reden und der Diskussion um die friedenspolitischen Positionen der Linken und die Problematik der Angriffe darauf [&hellip;]<\/p>\n","protected":false},"author":1,"featured_media":0,"parent":0,"menu_order":0,"comment_status":"closed","ping_status":"closed","template":"","meta":{"footnotes":""},"_links":{"self":[{"href":"https:\/\/klk-brandenburg.de\/index.php?rest_route=\/wp\/v2\/pages\/457"}],"collection":[{"href":"https:\/\/klk-brandenburg.de\/index.php?rest_route=\/wp\/v2\/pages"}],"about":[{"href":"https:\/\/klk-brandenburg.de\/index.php?rest_route=\/wp\/v2\/types\/page"}],"author":[{"embeddable":true,"href":"https:\/\/klk-brandenburg.de\/index.php?rest_route=\/wp\/v2\/users\/1"}],"replies":[{"embeddable":true,"href":"https:\/\/klk-brandenburg.de\/index.php?rest_route=%2Fwp%2Fv2%2Fcomments&post=457"}],"version-history":[{"count":8,"href":"https:\/\/klk-brandenburg.de\/index.php?rest_route=\/wp\/v2\/pages\/457\/revisions"}],"predecessor-version":[{"id":489,"href":"https:\/\/klk-brandenburg.de\/index.php?rest_route=\/wp\/v2\/pages\/457\/revisions\/489"}],"wp:attachment":[{"href":"https:\/\/klk-brandenburg.de\/index.php?rest_route=%2Fwp%2Fv2%2Fmedia&parent=457"}],"curies":[{"name":"wp","href":"https:\/\/api.w.org\/{rel}","templated":true}]}}