{"id":154,"date":"2023-01-17T07:21:57","date_gmt":"2023-01-17T07:21:57","guid":{"rendered":"http:\/\/klk-brandenburg.de\/?page_id=154"},"modified":"2023-10-09T06:42:03","modified_gmt":"2023-10-09T06:42:03","slug":"archiv","status":"publish","type":"page","link":"https:\/\/klk-brandenburg.de\/?page_id=154","title":{"rendered":"Archiv"},"content":{"rendered":"\r\n<p>Hier findet ihr Bilder vergangener Aktionen und Veranstaltungen des Karl-Liebknecht-Kreises.<\/p>\r\n\r\n\r\n\r\n<p>Der Karl-Liebknecht-Kreis Brandenburg beteiligte sich nat\u00fcrlich an der Gedenkdemonstration zum 104. Jahrestag der Ermordung von Rosa Luxemburg und Karl Liebknecht am 15.01.2023.<\/p>\r\n\r\n\r\n\r\n<figure class=\"wp-block-image size-large\"><img decoding=\"async\" loading=\"lazy\" width=\"1024\" height=\"485\" class=\"wp-image-159\" src=\"https:\/\/klk-brandenburg.de\/wp-content\/uploads\/2023\/01\/KLK_5-1024x485.jpg\" alt=\"\" srcset=\"https:\/\/klk-brandenburg.de\/wp-content\/uploads\/2023\/01\/KLK_5-1024x485.jpg 1024w, https:\/\/klk-brandenburg.de\/wp-content\/uploads\/2023\/01\/KLK_5-300x142.jpg 300w, https:\/\/klk-brandenburg.de\/wp-content\/uploads\/2023\/01\/KLK_5-768x364.jpg 768w, https:\/\/klk-brandenburg.de\/wp-content\/uploads\/2023\/01\/KLK_5-1536x728.jpg 1536w, https:\/\/klk-brandenburg.de\/wp-content\/uploads\/2023\/01\/KLK_5-2048x971.jpg 2048w\" sizes=\"(max-width: 1024px) 100vw, 1024px\" \/>\r\n<figcaption class=\"wp-element-caption\"><strong>Die Toten mahnen uns<\/strong><\/figcaption>\r\n<\/figure>\r\n\r\n\r\n\r\n<figure class=\"wp-block-image size-large\"><img decoding=\"async\" loading=\"lazy\" width=\"1024\" height=\"485\" class=\"wp-image-156\" src=\"https:\/\/klk-brandenburg.de\/wp-content\/uploads\/2023\/01\/KLK_2-1024x485.jpg\" alt=\"\" srcset=\"https:\/\/klk-brandenburg.de\/wp-content\/uploads\/2023\/01\/KLK_2-1024x485.jpg 1024w, https:\/\/klk-brandenburg.de\/wp-content\/uploads\/2023\/01\/KLK_2-300x142.jpg 300w, https:\/\/klk-brandenburg.de\/wp-content\/uploads\/2023\/01\/KLK_2-768x363.jpg 768w, https:\/\/klk-brandenburg.de\/wp-content\/uploads\/2023\/01\/KLK_2-1536x727.jpg 1536w, https:\/\/klk-brandenburg.de\/wp-content\/uploads\/2023\/01\/KLK_2-2048x969.jpg 2048w\" sizes=\"(max-width: 1024px) 100vw, 1024px\" \/><\/figure>\r\n\r\n\r\n\r\n<figure class=\"wp-block-image size-large\"><img decoding=\"async\" loading=\"lazy\" width=\"1024\" height=\"485\" class=\"wp-image-158\" src=\"https:\/\/klk-brandenburg.de\/wp-content\/uploads\/2023\/01\/KLK_4-1024x485.jpg\" alt=\"\" srcset=\"https:\/\/klk-brandenburg.de\/wp-content\/uploads\/2023\/01\/KLK_4-1024x485.jpg 1024w, https:\/\/klk-brandenburg.de\/wp-content\/uploads\/2023\/01\/KLK_4-300x142.jpg 300w, https:\/\/klk-brandenburg.de\/wp-content\/uploads\/2023\/01\/KLK_4-768x363.jpg 768w, https:\/\/klk-brandenburg.de\/wp-content\/uploads\/2023\/01\/KLK_4-1536x727.jpg 1536w, https:\/\/klk-brandenburg.de\/wp-content\/uploads\/2023\/01\/KLK_4-2048x969.jpg 2048w\" sizes=\"(max-width: 1024px) 100vw, 1024px\" \/><\/figure>\r\n\r\n\r\n\r\n<p>Am 19.01.2023 unterst\u00fctzte der Karl-Liebknecht-Kreis Brandenburg eine Wahlkampfveranstaltung des Bezirksverbandes &#8222;Die Linke&#8220; Tempelhof\/Sch\u00f6neberg mit Friederike Benda, Elisabeth Wissel und Alexander King auf dem Crellemarkt in Sch\u00f6neberg. Als besondere Rednerin war unsere Genossin Sahra Wagenknecht da.<\/p>\r\n\r\n\r\n\r\n<figure class=\"wp-block-image size-large\"><img decoding=\"async\" loading=\"lazy\" width=\"611\" height=\"1024\" class=\"wp-image-166\" src=\"https:\/\/klk-brandenburg.de\/wp-content\/uploads\/2023\/01\/20230119_173605-611x1024.jpg\" alt=\"\" srcset=\"https:\/\/klk-brandenburg.de\/wp-content\/uploads\/2023\/01\/20230119_173605-611x1024.jpg 611w, https:\/\/klk-brandenburg.de\/wp-content\/uploads\/2023\/01\/20230119_173605-179x300.jpg 179w, https:\/\/klk-brandenburg.de\/wp-content\/uploads\/2023\/01\/20230119_173605-768x1288.jpg 768w, https:\/\/klk-brandenburg.de\/wp-content\/uploads\/2023\/01\/20230119_173605-916x1536.jpg 916w, https:\/\/klk-brandenburg.de\/wp-content\/uploads\/2023\/01\/20230119_173605-1221x2048.jpg 1221w, https:\/\/klk-brandenburg.de\/wp-content\/uploads\/2023\/01\/20230119_173605-scaled.jpg 1526w\" sizes=\"(max-width: 611px) 100vw, 611px\" \/><\/figure>\r\n\r\n\r\n\r\n<figure class=\"wp-block-image size-large\"><img decoding=\"async\" loading=\"lazy\" width=\"1024\" height=\"768\" class=\"wp-image-168\" src=\"https:\/\/klk-brandenburg.de\/wp-content\/uploads\/2023\/01\/20230119_171239-1024x768.jpg\" alt=\"\" srcset=\"https:\/\/klk-brandenburg.de\/wp-content\/uploads\/2023\/01\/20230119_171239-1024x768.jpg 1024w, https:\/\/klk-brandenburg.de\/wp-content\/uploads\/2023\/01\/20230119_171239-300x225.jpg 300w, https:\/\/klk-brandenburg.de\/wp-content\/uploads\/2023\/01\/20230119_171239-768x576.jpg 768w, https:\/\/klk-brandenburg.de\/wp-content\/uploads\/2023\/01\/20230119_171239-1536x1152.jpg 1536w, https:\/\/klk-brandenburg.de\/wp-content\/uploads\/2023\/01\/20230119_171239-2048x1536.jpg 2048w\" sizes=\"(max-width: 1024px) 100vw, 1024px\" \/><\/figure>\r\n\r\n\r\n\r\n<p>Am 21.01.2023 trafen sich mehr als 30 Unterst\u00fctzerinnen und Unterst\u00fctzer in Bernau zu einer Beratung des Karl-Liebknecht-Kreises Brandenburg. Vorherrschendes Thema war die Situation in unserer Partei. Als Gast konnten wir Tobias Bank (Bundesgesch\u00e4ftsf\u00fchrer unserer Partei &#8222;Die Linke&#8220;) begr\u00fc\u00dfen. In den Wortbeitr\u00e4gen ging es um die kritische Situation innerhalb der Linken und um Ideen zum Aufbau von Strukturen. Begr\u00fc\u00dft wurde die Gr\u00fcndung eines weiteren Karl-Liebknecht-Kreises in Sachsen-Anhalt.<\/p>\r\n\r\n\r\n\r\n<figure class=\"wp-block-image size-large\"><img decoding=\"async\" loading=\"lazy\" width=\"1024\" height=\"574\" class=\"wp-image-182\" src=\"https:\/\/klk-brandenburg.de\/wp-content\/uploads\/2023\/01\/IMG_0035-1024x574.jpg\" alt=\"\" srcset=\"https:\/\/klk-brandenburg.de\/wp-content\/uploads\/2023\/01\/IMG_0035-1024x574.jpg 1024w, https:\/\/klk-brandenburg.de\/wp-content\/uploads\/2023\/01\/IMG_0035-300x168.jpg 300w, https:\/\/klk-brandenburg.de\/wp-content\/uploads\/2023\/01\/IMG_0035-768x430.jpg 768w, https:\/\/klk-brandenburg.de\/wp-content\/uploads\/2023\/01\/IMG_0035-1536x860.jpg 1536w, https:\/\/klk-brandenburg.de\/wp-content\/uploads\/2023\/01\/IMG_0035-2048x1147.jpg 2048w\" sizes=\"(max-width: 1024px) 100vw, 1024px\" \/>\r\n<figcaption class=\"wp-element-caption\"><strong>Unser Transparent wird uns auf den n\u00e4chsten Veranstaltungen begleiten<\/strong>.<\/figcaption>\r\n<\/figure>\r\n\r\n\r\n\r\n<figure class=\"wp-block-image size-large\"><img decoding=\"async\" loading=\"lazy\" width=\"1024\" height=\"675\" class=\"wp-image-181\" src=\"https:\/\/klk-brandenburg.de\/wp-content\/uploads\/2023\/01\/IMG_0034-1024x675.jpg\" alt=\"\" srcset=\"https:\/\/klk-brandenburg.de\/wp-content\/uploads\/2023\/01\/IMG_0034-1024x675.jpg 1024w, https:\/\/klk-brandenburg.de\/wp-content\/uploads\/2023\/01\/IMG_0034-300x198.jpg 300w, https:\/\/klk-brandenburg.de\/wp-content\/uploads\/2023\/01\/IMG_0034-768x506.jpg 768w, https:\/\/klk-brandenburg.de\/wp-content\/uploads\/2023\/01\/IMG_0034-1536x1012.jpg 1536w, https:\/\/klk-brandenburg.de\/wp-content\/uploads\/2023\/01\/IMG_0034-2048x1350.jpg 2048w\" sizes=\"(max-width: 1024px) 100vw, 1024px\" \/>\r\n<figcaption class=\"wp-element-caption\"><strong>Tobias Bank stellte sich den Fragen und der Kritik der Anwesenden. Es war f\u00fcr ihn nicht einfach.<\/strong><\/figcaption>\r\n<\/figure>\r\n\r\n\r\n\r\n<figure class=\"wp-block-image size-large\"><img decoding=\"async\" loading=\"lazy\" width=\"1024\" height=\"620\" class=\"wp-image-180\" src=\"https:\/\/klk-brandenburg.de\/wp-content\/uploads\/2023\/01\/IMG_0032-1024x620.jpg\" alt=\"\" srcset=\"https:\/\/klk-brandenburg.de\/wp-content\/uploads\/2023\/01\/IMG_0032-1024x620.jpg 1024w, https:\/\/klk-brandenburg.de\/wp-content\/uploads\/2023\/01\/IMG_0032-300x182.jpg 300w, https:\/\/klk-brandenburg.de\/wp-content\/uploads\/2023\/01\/IMG_0032-768x465.jpg 768w, https:\/\/klk-brandenburg.de\/wp-content\/uploads\/2023\/01\/IMG_0032-1536x930.jpg 1536w, https:\/\/klk-brandenburg.de\/wp-content\/uploads\/2023\/01\/IMG_0032-2048x1240.jpg 2048w\" sizes=\"(max-width: 1024px) 100vw, 1024px\" \/>\r\n<figcaption class=\"wp-element-caption\"><strong>Rita-Sybille Heinrich<\/strong><\/figcaption>\r\n<\/figure>\r\n\r\n\r\n\r\n<figure class=\"wp-block-image size-large\"><img decoding=\"async\" loading=\"lazy\" width=\"683\" height=\"1024\" class=\"wp-image-179\" src=\"https:\/\/klk-brandenburg.de\/wp-content\/uploads\/2023\/01\/IMG_0026-683x1024.jpg\" alt=\"\" srcset=\"https:\/\/klk-brandenburg.de\/wp-content\/uploads\/2023\/01\/IMG_0026-683x1024.jpg 683w, https:\/\/klk-brandenburg.de\/wp-content\/uploads\/2023\/01\/IMG_0026-200x300.jpg 200w, https:\/\/klk-brandenburg.de\/wp-content\/uploads\/2023\/01\/IMG_0026-768x1152.jpg 768w, https:\/\/klk-brandenburg.de\/wp-content\/uploads\/2023\/01\/IMG_0026-1024x1536.jpg 1024w, https:\/\/klk-brandenburg.de\/wp-content\/uploads\/2023\/01\/IMG_0026-1365x2048.jpg 1365w, https:\/\/klk-brandenburg.de\/wp-content\/uploads\/2023\/01\/IMG_0026-scaled.jpg 1707w\" sizes=\"(max-width: 683px) 100vw, 683px\" \/>\r\n<figcaption class=\"wp-element-caption\"><strong>Artur Pech, nicht nur einer der Sprecher unseres Kreises, sondern auch Mitglied des \u00c4ltestenrates der Partei &#8222;Die Linke&#8220;<\/strong><\/figcaption>\r\n<\/figure>\r\n\r\n\r\n\r\n<p><a href=\"https:\/\/www.nd-aktuell.de\/artikel\/1170345.die-linke-keine-wagenknecht-partei.html\" target=\"_blank\" rel=\"noreferrer noopener\" data-type=\"URL\" data-id=\"https:\/\/www.nd-aktuell.de\/artikel\/1170345.die-linke-keine-wagenknecht-partei.html\">Artikel in der Zeitung &#8222;Neues Deutschland&#8220; vom 23.01.2023 zu unserem Treffen.<\/a><\/p>\r\n\r\n\r\n\r\n<p>Am 27.01.2023 trafen sich Genossen des Karl-Liebknecht-Kreises Brandenburg mit Genossinnen und Genossen aus dem Landkreis Ostprignitz-Ruppin, dem Landkreis Barnim und Oberhavel zu einer Diskussionsrunde mit dem MdB Christian Leye zum Thema &#8222;Sanktionen und Wirtschaftskrieg &#8211; Auswirkungen und Alternativen&#8220; in Neuruppin. Christian brachte in einem sehr interessanten Vortrag uns die Auswirkungen des Wirtschaftskrieges der westlichen Staaten nicht nur im Bezug auf Russland sondern im weltpolitischen Kontext nahe. Viele Hintergrundinformationen brachten uns manches &#8222;Aha&#8220;-Erlebnis. In der Diskussion ging es neben dieser Thematik auch um die Arbeit und Konflikte innerhalb der Fraktion &#8222;Die Linke&#8220; im Bundestag. Von allen Anwesenden wurde die Au\u00dfenwirkung der Partei, die auch von der Au\u00dfenwirkung der Fraktion abh\u00e4ngt kritisiert. Christian Leye hat sich bei uns f\u00fcr die erhellenden Meinungen bedankt und uns zugesichert, das er diese Kritik in die Fraktion tragen wird.<\/p>\r\n\r\n\r\n\r\n<figure class=\"wp-block-image size-large\"><img decoding=\"async\" loading=\"lazy\" width=\"1024\" height=\"768\" class=\"wp-image-335\" src=\"https:\/\/klk-brandenburg.de\/wp-content\/uploads\/2023\/02\/IMG_20230225_150330-1024x768.jpg\" alt=\"\" srcset=\"https:\/\/klk-brandenburg.de\/wp-content\/uploads\/2023\/02\/IMG_20230225_150330-1024x768.jpg 1024w, https:\/\/klk-brandenburg.de\/wp-content\/uploads\/2023\/02\/IMG_20230225_150330-300x225.jpg 300w, https:\/\/klk-brandenburg.de\/wp-content\/uploads\/2023\/02\/IMG_20230225_150330-768x576.jpg 768w, https:\/\/klk-brandenburg.de\/wp-content\/uploads\/2023\/02\/IMG_20230225_150330-1536x1152.jpg 1536w, https:\/\/klk-brandenburg.de\/wp-content\/uploads\/2023\/02\/IMG_20230225_150330-2048x1536.jpg 2048w\" sizes=\"(max-width: 1024px) 100vw, 1024px\" \/>\r\n<figcaption class=\"wp-element-caption\">Aufstand f\u00fcr den Frieden, 25.02.2023 Berlin Brandenburger Tor<\/figcaption>\r\n<\/figure>\r\n\r\n\r\n\r\n<p>Nat\u00fcrlich haben wir uns als Karl-Liebknecht-Kreis Brandenburg an dieser Veranstaltung beteiligt. Gemeinsam mit mehr als 50000 Teilnehmern haben wir machtvoll gegen die Kriegsbesoffenheit der Bundesregierung und auch Teilen der Linken protestiert und ein Zeichen gegen die Gefahr eines dritten Weltkrieges gesetzt. Ein Teil der Unterst\u00fctzer des KLK hat sich dem Organisationsteam in verschiedenen Funktionen zur Verf\u00fcgung gestellt. Stolz und selbstbewusst sind wir von dieser gro\u00dfartigen Manifestation nach Hause gegangen.<\/p>\r\n<p>&nbsp;<\/p>\r\n<p><strong>Beschluss der Mitgliederversammlung des KLK vom 25.06.2023<\/strong> <strong><a href=\"https:\/\/klk-brandenburg.de\/wp-content\/uploads\/2023\/06\/Beitragsstreik_gegen_Spaltungspolitik_PV-2023_06_27.pdf\" target=\"_blank\" rel=\"noreferrer noopener\">hier<\/a><\/strong><\/p>\r\n<p><strong><a href=\"https:\/\/klk-brandenburg.de\/wp-content\/uploads\/2023\/06\/Stellungnahme-Jenny-Meyer-zum-Beitragsstreik.pdf\" target=\"_blank\" rel=\"noreferrer noopener\">Stellungnahme<\/a> vom Mitglied des Sprecherrates des KLK Jenny Meyer zum Aufruf zum Beitragsstreik<\/strong><\/p>\r\n<p><strong><a href=\"https:\/\/klk-brandenburg.de\/wp-content\/uploads\/2023\/07\/Erklaerung-KLK-06.07..pdf\" target=\"_blank\" rel=\"noreferrer noopener\">Erkl\u00e4rung<\/a> des KLK zum Beschluss des Landesvorstandes vom 01.07.2023 &#8222;Eine starke Linke sichern &#8211; innerparteiliche Demokratie sch\u00fctzen&#8220;<\/strong><\/p>\r\n<p><a href=\"https:\/\/klk-brandenburg.de\/wp-content\/uploads\/2023\/08\/Fuer-eine-klassenbewusste-sozialistische-Linke.pdf\" target=\"_blank\" rel=\"noreferrer noopener\"><strong>20.08.2023 Stellungnahme Karl-Liebknecht-Kreis Brandenburg und der LAG innerparteiliche Bildung und Theorie Niedersachsen zu den Thesen von Mario Candeias zum Thema \u201edisruptive Neugr\u00fcndung\u201c der Partei \u201eDie Linke\u201c (ND-Der Tag 31.07.2023)<\/strong><\/a><\/p>\r\n<p>Mitgliederversammlung des KLK Brandenburg am 24.09.2023<\/p>\r\n<p>Wir haben uns am 24.09.2023 zu einer Pr\u00e4senzversammlung bei der Gefas in Erkner zusammen gefunden. Dabei wurde unter anderem Andreas Eichner in den Sprecherrat nachgew\u00e4hlt. Er ersetzt damit unseren verstorbenen Freund und Genossen Heinz Hillebrandt. Viel Erfolg bei der Arbeit!<\/p>\r\n<p>Besonders wichtig waren die einleitenden Worte von Genossen Artur Pech zur <a href=\"https:\/\/klk-brandenburg.de\/wp-content\/uploads\/2023\/10\/20230924-final_Artur.pdf\" target=\"_blank\" rel=\"noopener\">Lage in der Partei &#8222;Die Linke&#8220;<\/a>.<\/p>\r\n<p>Erg\u00e4nzend dazu hielt unser Genosse Marvin Knappe einen Beitrag, den ihr <a href=\"https:\/\/klk-brandenburg.de\/wp-content\/uploads\/2023\/10\/Rede-KLK-Mitgliederversammlung-M.-Knappe.pdf\" target=\"_blank\" rel=\"noopener\">hier<\/a> nachlesen k\u00f6nnt.<\/p>\r\n<p>Diskutiert wurde auch der Entwurf des Europawahlprogramms unserer Partei. Vor allem die Pr\u00e4ambel sehen wir sehr kritisch. Dazu wird es einen Antrag an den kommenden Bundesparteitag geben, in dem die Forderung aufgemacht wird wesentliche Bestandteile grunds\u00e4tzlich zu ersetzen.<\/p>\r\n<p>Unser Genosse Artur Pech hat wieder einen Reader mitgebracht. Dieses Mal mit einem Artikel, der in den &#8222;Marxistischen Bl\u00e4tter&#8220; erschien. Das Thema <a href=\"https:\/\/klk-brandenburg.de\/wp-content\/uploads\/2023\/10\/MarxBlaetter_2023-5_6_106-113.pdf\" target=\"_blank\" rel=\"noopener\">&#8222;Wir sind immer noch R\u00e4uber&#8220;<\/a> &#8211; erw\u00fcnschte und unerw\u00fcnschte Migration.<\/p>\r\n","protected":false},"excerpt":{"rendered":"<p>Hier findet ihr Bilder vergangener Aktionen und Veranstaltungen des Karl-Liebknecht-Kreises. Der Karl-Liebknecht-Kreis Brandenburg beteiligte sich nat\u00fcrlich an der Gedenkdemonstration zum 104. Jahrestag der Ermordung von Rosa Luxemburg und Karl Liebknecht am 15.01.2023. Am 19.01.2023 unterst\u00fctzte der Karl-Liebknecht-Kreis Brandenburg eine Wahlkampfveranstaltung des Bezirksverbandes &#8222;Die Linke&#8220; Tempelhof\/Sch\u00f6neberg mit Friederike Benda, Elisabeth Wissel und Alexander King auf dem [&hellip;]<\/p>\n","protected":false},"author":1,"featured_media":0,"parent":0,"menu_order":0,"comment_status":"closed","ping_status":"closed","template":"","meta":{"footnotes":""},"_links":{"self":[{"href":"https:\/\/klk-brandenburg.de\/index.php?rest_route=\/wp\/v2\/pages\/154"}],"collection":[{"href":"https:\/\/klk-brandenburg.de\/index.php?rest_route=\/wp\/v2\/pages"}],"about":[{"href":"https:\/\/klk-brandenburg.de\/index.php?rest_route=\/wp\/v2\/types\/page"}],"author":[{"embeddable":true,"href":"https:\/\/klk-brandenburg.de\/index.php?rest_route=\/wp\/v2\/users\/1"}],"replies":[{"embeddable":true,"href":"https:\/\/klk-brandenburg.de\/index.php?rest_route=%2Fwp%2Fv2%2Fcomments&post=154"}],"version-history":[{"count":12,"href":"https:\/\/klk-brandenburg.de\/index.php?rest_route=\/wp\/v2\/pages\/154\/revisions"}],"predecessor-version":[{"id":594,"href":"https:\/\/klk-brandenburg.de\/index.php?rest_route=\/wp\/v2\/pages\/154\/revisions\/594"}],"wp:attachment":[{"href":"https:\/\/klk-brandenburg.de\/index.php?rest_route=%2Fwp%2Fv2%2Fmedia&parent=154"}],"curies":[{"name":"wp","href":"https:\/\/api.w.org\/{rel}","templated":true}]}}