{"id":101,"date":"2023-01-06T06:18:50","date_gmt":"2023-01-06T06:18:50","guid":{"rendered":"http:\/\/klk-brandenburg.de\/?page_id=101"},"modified":"2023-01-06T08:25:55","modified_gmt":"2023-01-06T08:25:55","slug":"gruendung","status":"publish","type":"page","link":"https:\/\/klk-brandenburg.de\/?page_id=101","title":{"rendered":"Gr\u00fcndung"},"content":{"rendered":"\n<p><a href=\"https:\/\/klk-brandenburg.de\/wp-content\/uploads\/2023\/01\/Artur_JW.pdf\" data-type=\"URL\" data-id=\"https:\/\/klk-brandenburg.de\/wp-content\/uploads\/2023\/01\/Artur_JW.pdf\" target=\"_blank\" rel=\"noreferrer noopener\">Zu den Ursachen f\u00fcr die Gr\u00fcndung des Karl-Liebknecht-Kreises &#8211; ein Gespr\u00e4ch mit Artur Pech, einer der Sprecher, in der Jungen Welt<\/a><\/p>\n","protected":false},"excerpt":{"rendered":"<p>Zu den Ursachen f\u00fcr die Gr\u00fcndung des Karl-Liebknecht-Kreises &#8211; ein Gespr\u00e4ch mit Artur Pech, einer der Sprecher, in der Jungen Welt<\/p>\n","protected":false},"author":1,"featured_media":0,"parent":0,"menu_order":2,"comment_status":"closed","ping_status":"closed","template":"","meta":{"footnotes":""},"_links":{"self":[{"href":"https:\/\/klk-brandenburg.de\/index.php?rest_route=\/wp\/v2\/pages\/101"}],"collection":[{"href":"https:\/\/klk-brandenburg.de\/index.php?rest_route=\/wp\/v2\/pages"}],"about":[{"href":"https:\/\/klk-brandenburg.de\/index.php?rest_route=\/wp\/v2\/types\/page"}],"author":[{"embeddable":true,"href":"https:\/\/klk-brandenburg.de\/index.php?rest_route=\/wp\/v2\/users\/1"}],"replies":[{"embeddable":true,"href":"https:\/\/klk-brandenburg.de\/index.php?rest_route=%2Fwp%2Fv2%2Fcomments&post=101"}],"version-history":[{"count":2,"href":"https:\/\/klk-brandenburg.de\/index.php?rest_route=\/wp\/v2\/pages\/101\/revisions"}],"predecessor-version":[{"id":103,"href":"https:\/\/klk-brandenburg.de\/index.php?rest_route=\/wp\/v2\/pages\/101\/revisions\/103"}],"wp:attachment":[{"href":"https:\/\/klk-brandenburg.de\/index.php?rest_route=%2Fwp%2Fv2%2Fmedia&parent=101"}],"curies":[{"name":"wp","href":"https:\/\/api.w.org\/{rel}","templated":true}]}}